{"id":82701,"date":"2025-01-21T14:34:41","date_gmt":"2025-01-21T14:34:41","guid":{"rendered":"https:\/\/astonherencia.es\/politica-de-cookies\/"},"modified":"2025-06-04T10:59:07","modified_gmt":"2025-06-04T10:59:07","slug":"politica-de-cookies","status":"publish","type":"page","link":"https:\/\/astonherencia.es\/ca\/politica-de-cookies\/","title":{"rendered":"Pol\u00edtica de cookies"},"content":{"rendered":"\n<p>L&#8217;usuari amb el registre i l&#8217;acceptaci\u00f3 de les condicions consenteix l&#8217;\u00fas de les cookies. Aquest lloc web utilitza aquelles estrictament necess\u00e0ries per al funcionament correcte i per a estad\u00edstiques d&#8217;\u00fas web, que en cap cas no fan identificable l&#8217;usuari. En utilitzar la p\u00e0gina web vost\u00e8 ens est\u00e0 autoritzant a emmagatzemar el rastre deixat per la seva adre\u00e7a IP amb el prop\u00f2sit d&#8217;administrar els sistemes, millorar l&#8217;efectivitat de la p\u00e0gina i fer estudis estad\u00edstics globals, aix\u00ed com com a mesura de seguretat i per respondre davant de requeriments judicials si fos el cas. Vost\u00e8 t\u00e9 la possibilitat d&#8217;acceptar o rebutjar \u00abcookies\u00bb configurant per a aix\u00f2 el seu navegador, pot ser avisat en pantalla de la recepci\u00f3 de cookies per impedir la instal\u00b7laci\u00f3 al disc dur, aix\u00ed com pot eliminar les cookies que ja hagin estat instal\u00b7lades. La gesti\u00f3 de les cookies varia segons el navegador amb el que recomanem entri al men\u00fa \u201copcions\u201d o \u201ceines\u201d del vostre navegador Web per configurar el nivell de seguretat i l&#8217;autoritzaci\u00f3 de cookies. En aquest cas, \u00e9s possible que per motius t\u00e8cnics algunes de les funcionalitats del web no responguin adequadament.    <\/p>\n\n<p><strong>Definici\u00f3<\/strong><\/p>\n\n<p>Una <em>galeta<\/em> \u00e9s un petit fitxer de text que s&#8217;emmagatzema al vostre navegador quan visita gaireb\u00e9 qualsevol p\u00e0gina web. La seva utilitat \u00e9s que la web sigui capa\u00e7 de recordar la vostra visita quan torneu a navegar per aquesta p\u00e0gina. Les <em>cookies<\/em> solen emmagatzemar informaci\u00f3 de car\u00e0cter t\u00e8cnic, prefer\u00e8ncies personals, personalitzaci\u00f3 de continguts, estad\u00edstiques d\u00fas, enlla\u00e7os a xarxes socials, acc\u00e9s a comptes dusuari, etc. L&#8217;objectiu de la <em>galeta<\/em> \u00e9s adaptar el contingut de la web al seu perfil i necessitats, sense <em>galetes<\/em> els serveis oferts per qualsevol p\u00e0gina es veurien minvats notablement.   <\/p>\n\n<p><strong>Quina informaci\u00f3 emmagatzema una galeta?<\/strong><\/p>\n\n<p>Les galetes no solen emmagatzemar informaci\u00f3 sensible sobre vost\u00e8, com targetes de cr\u00e8dit o dades banc\u00e0ries, fotografies, el seu DNI o informaci\u00f3 personal, etc. Les dades que guarden s\u00f3n de car\u00e0cter t\u00e8cnic, prefer\u00e8ncies personals, personalitzaci\u00f3 de continguts, etc. <\/p>\n\n<p>El servidor web no us associa a vost\u00e8 com a persona sin\u00f3 al vostre navegador web. De fet, si navega habitualment amb Internet Explorer i prova a navegar per la mateixa web amb Firefox o Chrome veur\u00e0 que la web no s&#8217;adona que \u00e9s vost\u00e8 la mateixa persona perqu\u00e8 en realitat est\u00e0 associant al navegador, no a la persona. <\/p>\n\n<p><strong>Quin tipus de cookies hi ha<\/strong><\/p>\n\n<p><strong><em>Galetes t\u00e8cniques:<\/em><\/strong> S\u00f3n les m\u00e9s elementals i permeten, entre altres coses, saber quan est\u00e0 navegant un hum\u00e0 o una aplicaci\u00f3 automatitzada, quan navega un usuari an\u00f2nim i un registrat, tasques b\u00e0siques per al funcionament de qualsevol web din\u00e0mica.<\/p>\n\n<p><strong><em>Galetes d&#8217;an\u00e0lisi:<\/em><\/strong> recullen informaci\u00f3 sobre el tipus de navegaci\u00f3 que esteu realitzant, les seccions que m\u00e9s utilitzeu, productes consultats, franja hor\u00e0ria d&#8217;\u00fas, idioma, etc.<\/p>\n\n<p><strong><em>Galetes publicit\u00e0ries<\/em><\/strong>: Mostren publicitat en funci\u00f3 de la seva navegaci\u00f3, el seu pa\u00eds de proced\u00e8ncia, idioma, etc.<\/p>\n\n<p><strong><em>Galetes de personalitzaci\u00f3<\/em><\/strong>: S\u00f3n les necess\u00e0ries per a la correcta navegaci\u00f3 per la web.,Permeten a l&#8217;usuari les caracter\u00edstiques (idioma) per a la navegaci\u00f3 per la website<\/p>\n\n<p><strong>Qu\u00e8 s\u00f3n les cookies pr\u00f2pies i les de tercers?<\/strong><\/p>\n\n<p>Les cookies pr\u00f2pies s\u00f3n les generades per la p\u00e0gina que esteu visitant i les de tercers s\u00f3n les generades per serveis o prove\u00efdors externs com Facebook, Twitter, Google, etc.<\/p>\n\n<p><strong>Cookies utilitzades en aquest lloc web<\/strong><\/p>\n\n<p>Seguint les directrius de l&#8217;Ag\u00e8ncia Espanyola de Protecci\u00f3 de Dades procedim a detallar l&#8217;\u00fas de <em>cookies<\/em> que fa aquesta web per tal d&#8217;informar-vos amb la m\u00e0xima exactitud possible.<\/p>\n\n<figure class=\"wp-block-table\"><table class=\"has-fixed-layout\"><tbody><tr><th><\/th><th><\/th><th colspan=\"4\">TIPUS DE COOKIES<\/th><\/tr><tr><td><\/td><td><\/td><td>Cookies pr\u00f2pies<\/td><td>Galetes de tercer<\/td><td>Galetes de sessi\u00f3<\/td><td>Galetes persistents<\/td><\/tr><tr><td rowspan=\"5\">Finalitat<\/td><td>Galetes t\u00e8cniques<\/td><td> X<\/td><td>X<\/td><td>X<\/td><td><\/td><\/tr><tr><td>Cookies personalitzaci\u00f3<\/td><td><\/td><td><\/td><td><\/td><td><\/td><\/tr><tr><td>Galetes d&#8217;an\u00e0lisi<\/td><td> X<\/td><td>X<\/td><td>X<\/td><td><\/td><\/tr><tr><td>Galetes publicit\u00e0ries<\/td><td><\/td><td><\/td><td><\/td><td><\/td><\/tr><tr><td>Cookies de publicidad comportamental<\/td><td><\/td><td><\/td><td><\/td><td><\/td><\/tr><\/tbody><\/table><\/figure>\n\n<p><strong>Es poden eliminar les galetes?<\/strong><\/p>\n\n<p>S\u00ed. No nom\u00e9s eliminar, tamb\u00e9 bloquejar, de manera general o particular per a un domini espec\u00edfic. Per eliminar les cookies d&#8217;un lloc web heu d&#8217;anar a la configuraci\u00f3 del vostre navegador i all\u00e0 podreu buscar les associades al domini en q\u00fcesti\u00f3 i procedir a la seva eliminaci\u00f3.  <\/p>\n\n<p><strong>Desactivaci\u00f3 o eliminaci\u00f3 de cookies<\/strong><\/p>\n\n<p>Tots els navegadors permeten fer canvis que permeten desactivar la configuraci\u00f3 de les galetes. En qualsevol moment podreu exercir el vostre dret de desactivaci\u00f3 o eliminaci\u00f3 de cookies d&#8217;aquest lloc web. Aquestes accions es realitzen de manera diferent en funci\u00f3 del navegador que utilitzeu. Aqu\u00ed us deixem una guia r\u00e0pida per als navegadors m\u00e9s populars.   <\/p>\n\n<p><strong>Actualitzacions de la Pol\u00edtica de Cookies<\/strong><\/p>\n\n<p>Es podr\u00e0 modificar aquesta Pol\u00edtica de Cookies en funci\u00f3 d&#8217;exig\u00e8ncies legislatives, reglament\u00e0ries, o amb la finalitat d&#8217;adaptar aquesta pol\u00edtica a les instruccions dictades per l&#8217;Ag\u00e8ncia Espanyola de Protecci\u00f3 de Dades, per aix\u00f2 s&#8217;aconsella als usuaris que la visitin peri\u00f2dicament.<\/p>\n\n<p>Quan es produeixin canvis significatius en aquesta Pol\u00edtica de Cookies, es comunicaran als Usuaris mitjan\u00e7ant el web.<\/p>\n\n<p>Aix\u00ed mateix, SHE HERENCIA, S.L informa a l&#8217;usuari que t\u00e9 la possibilitat de configurar el seu navegador de manera que se li informi de la recepci\u00f3 de cookies, podent, si aix\u00ed ho desitja, impedir que siguin instal\u00b7lades al disc dur.<br\/>A continuaci\u00f3 us proporcionem els enlla\u00e7os de diversos navegadors, a trav\u00e9s dels quals podreu realitzar aquesta configuraci\u00f3:<\/p>\n\n<ul class=\"wp-block-list\">\n<li>Firefox des d&#8217;aqu\u00ed: http:\/\/support.mozilla.org\/es\/kb\/habilitar-y-deshabilitar-cookies-que-los- sitios-we<\/li>\n\n\n\n<li>Chrome des d&#8217;aqu\u00ed: http:\/\/support.google.com\/chrome\/bin\/answer.py?hl=es&amp;answer=95647<\/li>\n\n\n\n<li>Explorer des d&#8217;aqu\u00ed: http:\/\/windows.microsoft.com\/es-es\/internet-explorer\/delete-manage-cookies#ie=ie-10<\/li>\n\n\n\n<li>Safari des d&#8217;aqu\u00ed: https:\/\/support.apple.com\/kb\/ph17191?locale=es_ES<\/li>\n\n\n\n<li>Opera des d&#8217;aqu\u00ed: https:\/\/help.opera.com\/en\/latest\/web-preferences\/#cookies<\/li>\n<\/ul>\n\n<p><\/p>\n","protected":false},"excerpt":{"rendered":"<p>L&#8217;usuari amb el registre i l&#8217;acceptaci\u00f3 de les condicions consenteix l&#8217;\u00fas de les cookies. Aquest lloc web utilitza aquelles estrictament necess\u00e0ries per al funcionament correcte i per a estad\u00edstiques d&#8217;\u00fas web, que en cap cas no fan identificable l&#8217;usuari. En utilitzar la p\u00e0gina web vost\u00e8 ens est\u00e0 autoritzant a emmagatzemar el rastre deixat per la [&hellip;]<\/p>\n","protected":false},"author":5,"featured_media":0,"parent":0,"menu_order":0,"comment_status":"closed","ping_status":"closed","template":"","meta":{"_acf_changed":false,"_eb_attr":"","_uag_custom_page_level_css":"","site-sidebar-layout":"no-sidebar","site-content-layout":"","ast-site-content-layout":"normal-width-container","site-content-style":"default","site-sidebar-style":"default","ast-global-header-display":"","ast-banner-title-visibility":"","ast-main-header-display":"","ast-hfb-above-header-display":"","ast-hfb-below-header-display":"","ast-hfb-mobile-header-display":"","site-post-title":"","ast-breadcrumbs-content":"","ast-featured-img":"","footer-sml-layout":"","ast-disable-related-posts":"","theme-transparent-header-meta":"","adv-header-id-meta":"","stick-header-meta":"","header-above-stick-meta":"","header-main-stick-meta":"","header-below-stick-meta":"","astra-migrate-meta-layouts":"default","ast-page-background-enabled":"default","ast-page-background-meta":{"desktop":{"background-color":"","background-image":"","background-repeat":"repeat","background-position":"center center","background-size":"auto","background-attachment":"scroll","background-type":"","background-media":"","overlay-type":"","overlay-color":"","overlay-opacity":"","overlay-gradient":""},"tablet":{"background-color":"","background-image":"","background-repeat":"repeat","background-position":"center center","background-size":"auto","background-attachment":"scroll","background-type":"","background-media":"","overlay-type":"","overlay-color":"","overlay-opacity":"","overlay-gradient":""},"mobile":{"background-color":"","background-image":"","background-repeat":"repeat","background-position":"center center","background-size":"auto","background-attachment":"scroll","background-type":"","background-media":"","overlay-type":"","overlay-color":"","overlay-opacity":"","overlay-gradient":""}},"ast-content-background-meta":{"desktop":{"background-color":"var(--ast-global-color-4)","background-image":"","background-repeat":"repeat","background-position":"center center","background-size":"auto","background-attachment":"scroll","background-type":"","background-media":"","overlay-type":"","overlay-color":"","overlay-opacity":"","overlay-gradient":""},"tablet":{"background-color":"var(--ast-global-color-4)","background-image":"","background-repeat":"repeat","background-position":"center center","background-size":"auto","background-attachment":"scroll","background-type":"","background-media":"","overlay-type":"","overlay-color":"","overlay-opacity":"","overlay-gradient":""},"mobile":{"background-color":"var(--ast-global-color-4)","background-image":"","background-repeat":"repeat","background-position":"center center","background-size":"auto","background-attachment":"scroll","background-type":"","background-media":"","overlay-type":"","overlay-color":"","overlay-opacity":"","overlay-gradient":""}},"footnotes":""},"class_list":["post-82701","page","type-page","status-publish","hentry"],"acf":[],"yoast_head":"<!-- This site is optimized with the Yoast SEO plugin v27.4 - https:\/\/yoast.com\/product\/yoast-seo-wordpress\/ -->\n<title>Pol\u00edtica de cookies - Aston Herencia<\/title>\n<meta name=\"robots\" content=\"noindex, follow\" \/>\n<meta property=\"og:locale\" content=\"ca_ES\" \/>\n<meta property=\"og:type\" content=\"article\" \/>\n<meta property=\"og:title\" content=\"Pol\u00edtica de cookies - Aston Herencia\" \/>\n<meta property=\"og:description\" content=\"L&#8217;usuari amb el registre i l&#8217;acceptaci\u00f3 de les condicions consenteix l&#8217;\u00fas de les cookies. Aquest lloc web utilitza aquelles estrictament necess\u00e0ries per al funcionament correcte i per a estad\u00edstiques d&#8217;\u00fas web, que en cap cas no fan identificable l&#8217;usuari. En utilitzar la p\u00e0gina web vost\u00e8 ens est\u00e0 autoritzant a emmagatzemar el rastre deixat per la [&hellip;]\" \/>\n<meta property=\"og:url\" content=\"https:\/\/astonherencia.es\/ca\/politica-de-cookies\/\" \/>\n<meta property=\"og:site_name\" content=\"Aston Herencia\" \/>\n<meta property=\"article:modified_time\" content=\"2025-06-04T10:59:07+00:00\" \/>\n<meta name=\"twitter:card\" content=\"summary_large_image\" \/>\n<meta name=\"twitter:label1\" content=\"Temps estimat de lectura\" \/>\n\t<meta name=\"twitter:data1\" content=\"5 minuts\" \/>\n<script type=\"application\/ld+json\" class=\"yoast-schema-graph\">{\"@context\":\"https:\\\/\\\/schema.org\",\"@graph\":[{\"@type\":\"WebPage\",\"@id\":\"https:\\\/\\\/astonherencia.es\\\/ca\\\/politica-de-cookies\\\/\",\"url\":\"https:\\\/\\\/astonherencia.es\\\/ca\\\/politica-de-cookies\\\/\",\"name\":\"Pol\u00edtica de cookies - Aston Herencia\",\"isPartOf\":{\"@id\":\"https:\\\/\\\/astonherencia.es\\\/ca\\\/#website\"},\"datePublished\":\"2025-01-21T14:34:41+00:00\",\"dateModified\":\"2025-06-04T10:59:07+00:00\",\"breadcrumb\":{\"@id\":\"https:\\\/\\\/astonherencia.es\\\/ca\\\/politica-de-cookies\\\/#breadcrumb\"},\"inLanguage\":\"ca\",\"potentialAction\":[{\"@type\":\"ReadAction\",\"target\":[\"https:\\\/\\\/astonherencia.es\\\/ca\\\/politica-de-cookies\\\/\"]}]},{\"@type\":\"BreadcrumbList\",\"@id\":\"https:\\\/\\\/astonherencia.es\\\/ca\\\/politica-de-cookies\\\/#breadcrumb\",\"itemListElement\":[{\"@type\":\"ListItem\",\"position\":1,\"name\":\"Portada\",\"item\":\"https:\\\/\\\/astonherencia.es\\\/ca\\\/inici-elementor\\\/\"},{\"@type\":\"ListItem\",\"position\":2,\"name\":\"Pol\u00edtica de cookies\"}]},{\"@type\":\"WebSite\",\"@id\":\"https:\\\/\\\/astonherencia.es\\\/ca\\\/#website\",\"url\":\"https:\\\/\\\/astonherencia.es\\\/ca\\\/\",\"name\":\"Aston Herencia\",\"description\":\"Educaci\u00f3n internacional\",\"publisher\":{\"@id\":\"https:\\\/\\\/astonherencia.es\\\/ca\\\/#organization\"},\"potentialAction\":[{\"@type\":\"SearchAction\",\"target\":{\"@type\":\"EntryPoint\",\"urlTemplate\":\"https:\\\/\\\/astonherencia.es\\\/ca\\\/?s={search_term_string}\"},\"query-input\":{\"@type\":\"PropertyValueSpecification\",\"valueRequired\":true,\"valueName\":\"search_term_string\"}}],\"inLanguage\":\"ca\"},{\"@type\":\"Organization\",\"@id\":\"https:\\\/\\\/astonherencia.es\\\/ca\\\/#organization\",\"name\":\"Aston Herencia\",\"url\":\"https:\\\/\\\/astonherencia.es\\\/ca\\\/\",\"logo\":{\"@type\":\"ImageObject\",\"inLanguage\":\"ca\",\"@id\":\"https:\\\/\\\/astonherencia.es\\\/ca\\\/#\\\/schema\\\/logo\\\/image\\\/\",\"url\":\"https:\\\/\\\/astonherencia.es\\\/wp-content\\\/uploads\\\/2024\\\/07\\\/cropped-Logo_Aston_Herencia_Blanco.png\",\"contentUrl\":\"https:\\\/\\\/astonherencia.es\\\/wp-content\\\/uploads\\\/2024\\\/07\\\/cropped-Logo_Aston_Herencia_Blanco.png\",\"width\":1427,\"height\":922,\"caption\":\"Aston Herencia\"},\"image\":{\"@id\":\"https:\\\/\\\/astonherencia.es\\\/ca\\\/#\\\/schema\\\/logo\\\/image\\\/\"}}]}<\/script>\n<!-- \/ Yoast SEO plugin. -->","yoast_head_json":{"title":"Pol\u00edtica de cookies - Aston Herencia","robots":{"index":"noindex","follow":"follow"},"og_locale":"ca_ES","og_type":"article","og_title":"Pol\u00edtica de cookies - Aston Herencia","og_description":"L&#8217;usuari amb el registre i l&#8217;acceptaci\u00f3 de les condicions consenteix l&#8217;\u00fas de les cookies. Aquest lloc web utilitza aquelles estrictament necess\u00e0ries per al funcionament correcte i per a estad\u00edstiques d&#8217;\u00fas web, que en cap cas no fan identificable l&#8217;usuari. En utilitzar la p\u00e0gina web vost\u00e8 ens est\u00e0 autoritzant a emmagatzemar el rastre deixat per la [&hellip;]","og_url":"https:\/\/astonherencia.es\/ca\/politica-de-cookies\/","og_site_name":"Aston Herencia","article_modified_time":"2025-06-04T10:59:07+00:00","twitter_card":"summary_large_image","twitter_misc":{"Temps estimat de lectura":"5 minuts"},"schema":{"@context":"https:\/\/schema.org","@graph":[{"@type":"WebPage","@id":"https:\/\/astonherencia.es\/ca\/politica-de-cookies\/","url":"https:\/\/astonherencia.es\/ca\/politica-de-cookies\/","name":"Pol\u00edtica de cookies - Aston Herencia","isPartOf":{"@id":"https:\/\/astonherencia.es\/ca\/#website"},"datePublished":"2025-01-21T14:34:41+00:00","dateModified":"2025-06-04T10:59:07+00:00","breadcrumb":{"@id":"https:\/\/astonherencia.es\/ca\/politica-de-cookies\/#breadcrumb"},"inLanguage":"ca","potentialAction":[{"@type":"ReadAction","target":["https:\/\/astonherencia.es\/ca\/politica-de-cookies\/"]}]},{"@type":"BreadcrumbList","@id":"https:\/\/astonherencia.es\/ca\/politica-de-cookies\/#breadcrumb","itemListElement":[{"@type":"ListItem","position":1,"name":"Portada","item":"https:\/\/astonherencia.es\/ca\/inici-elementor\/"},{"@type":"ListItem","position":2,"name":"Pol\u00edtica de cookies"}]},{"@type":"WebSite","@id":"https:\/\/astonherencia.es\/ca\/#website","url":"https:\/\/astonherencia.es\/ca\/","name":"Aston Herencia","description":"Educaci\u00f3n internacional","publisher":{"@id":"https:\/\/astonherencia.es\/ca\/#organization"},"potentialAction":[{"@type":"SearchAction","target":{"@type":"EntryPoint","urlTemplate":"https:\/\/astonherencia.es\/ca\/?s={search_term_string}"},"query-input":{"@type":"PropertyValueSpecification","valueRequired":true,"valueName":"search_term_string"}}],"inLanguage":"ca"},{"@type":"Organization","@id":"https:\/\/astonherencia.es\/ca\/#organization","name":"Aston Herencia","url":"https:\/\/astonherencia.es\/ca\/","logo":{"@type":"ImageObject","inLanguage":"ca","@id":"https:\/\/astonherencia.es\/ca\/#\/schema\/logo\/image\/","url":"https:\/\/astonherencia.es\/wp-content\/uploads\/2024\/07\/cropped-Logo_Aston_Herencia_Blanco.png","contentUrl":"https:\/\/astonherencia.es\/wp-content\/uploads\/2024\/07\/cropped-Logo_Aston_Herencia_Blanco.png","width":1427,"height":922,"caption":"Aston Herencia"},"image":{"@id":"https:\/\/astonherencia.es\/ca\/#\/schema\/logo\/image\/"}}]}},"uagb_featured_image_src":{"full":false,"thumbnail":false,"medium":false,"medium_large":false,"large":false,"1536x1536":false,"2048x2048":false},"uagb_author_info":{"display_name":"Javier Hern\u00e1ndez","author_link":"https:\/\/astonherencia.es\/ca\/blog\/author\/javier\/"},"uagb_comment_info":0,"uagb_excerpt":"L&#8217;usuari amb el registre i l&#8217;acceptaci\u00f3 de les condicions consenteix l&#8217;\u00fas de les cookies. Aquest lloc web utilitza aquelles estrictament necess\u00e0ries per al funcionament correcte i per a estad\u00edstiques d&#8217;\u00fas web, que en cap cas no fan identificable l&#8217;usuari. En utilitzar la p\u00e0gina web vost\u00e8 ens est\u00e0 autoritzant a emmagatzemar el rastre deixat per la&hellip;","_links":{"self":[{"href":"https:\/\/astonherencia.es\/ca\/wp-json\/wp\/v2\/pages\/82701","targetHints":{"allow":["GET"]}}],"collection":[{"href":"https:\/\/astonherencia.es\/ca\/wp-json\/wp\/v2\/pages"}],"about":[{"href":"https:\/\/astonherencia.es\/ca\/wp-json\/wp\/v2\/types\/page"}],"author":[{"embeddable":true,"href":"https:\/\/astonherencia.es\/ca\/wp-json\/wp\/v2\/users\/5"}],"replies":[{"embeddable":true,"href":"https:\/\/astonherencia.es\/ca\/wp-json\/wp\/v2\/comments?post=82701"}],"version-history":[{"count":1,"href":"https:\/\/astonherencia.es\/ca\/wp-json\/wp\/v2\/pages\/82701\/revisions"}],"predecessor-version":[{"id":82845,"href":"https:\/\/astonherencia.es\/ca\/wp-json\/wp\/v2\/pages\/82701\/revisions\/82845"}],"wp:attachment":[{"href":"https:\/\/astonherencia.es\/ca\/wp-json\/wp\/v2\/media?parent=82701"}],"curies":[{"name":"wp","href":"https:\/\/api.w.org\/{rel}","templated":true}]}}